{"id":1232,"date":"2019-04-07T17:35:37","date_gmt":"2019-04-07T15:35:37","guid":{"rendered":"https:\/\/www.fthouse.de\/?page_id=1232"},"modified":"2019-10-07T15:29:11","modified_gmt":"2019-10-07T13:29:11","slug":"wein-verkauf","status":"publish","type":"page","link":"https:\/\/www.fthouse.de\/en\/wein-verkauf\/","title":{"rendered":"Wein Verkauf"},"content":{"rendered":"\n<p>Wir sind Gro\u00dfh\u00e4ndler f\u00fcr exklusive Weine und beliefern ausschlie\u00dflich Wiederverk\u00e4ufer.<\/p>\n\n\n\n<p>Unser kompletter Weinbestand befindet sich in separaten klimatisierten Lagerh\u00e4usern. <\/p>\n\n\n\n<p>Gerne beraten wir Sie auch wenn Sie eine Rarit\u00e4t oder einen kompletten Weinkeller \u2013 zum Genie\u00dfen oder als Kapitalanlage suchen.  Auch wenn Sie Ihren Keller oder Ihre Weinsammlung mit \u00e4lteren gereiften Weinen vervollst\u00e4ndigen m\u00f6chten, sind wir Ihnen gerne behilflich. <\/p>\n\n\n\n<p><strong>Beauftragen Sie uns:<\/strong><br>Wir haben die Kompetenz und zahlreiche qualifizierte, seri\u00f6se Kontakte seit 1996.<\/p>\n","protected":false},"excerpt":{"rendered":"<p>Wir sind Gro\u00dfh\u00e4ndler f\u00fcr exklusive Weine und beliefern ausschlie\u00dflich Wiederverk\u00e4ufer. Unser kompletter Weinbestand befindet sich in separaten klimatisierten Lagerh\u00e4usern. Gerne beraten wir Sie auch wenn<\/p>\n","protected":false},"author":1,"featured_media":0,"parent":0,"menu_order":0,"comment_status":"closed","ping_status":"closed","template":"","meta":{"footnotes":""},"class_list":["post-1232","page","type-page","status-publish","hentry"],"_links":{"self":[{"href":"https:\/\/www.fthouse.de\/en\/wp-json\/wp\/v2\/pages\/1232","targetHints":{"allow":["GET"]}}],"collection":[{"href":"https:\/\/www.fthouse.de\/en\/wp-json\/wp\/v2\/pages"}],"about":[{"href":"https:\/\/www.fthouse.de\/en\/wp-json\/wp\/v2\/types\/page"}],"author":[{"embeddable":true,"href":"https:\/\/www.fthouse.de\/en\/wp-json\/wp\/v2\/users\/1"}],"replies":[{"embeddable":true,"href":"https:\/\/www.fthouse.de\/en\/wp-json\/wp\/v2\/comments?post=1232"}],"version-history":[{"count":7,"href":"https:\/\/www.fthouse.de\/en\/wp-json\/wp\/v2\/pages\/1232\/revisions"}],"predecessor-version":[{"id":1739,"href":"https:\/\/www.fthouse.de\/en\/wp-json\/wp\/v2\/pages\/1232\/revisions\/1739"}],"wp:attachment":[{"href":"https:\/\/www.fthouse.de\/en\/wp-json\/wp\/v2\/media?parent=1232"}],"curies":[{"name":"wp","href":"https:\/\/api.w.org\/{rel}","templated":true}]}}