{"id":420,"date":"2015-07-20T09:13:12","date_gmt":"2015-07-20T07:13:12","guid":{"rendered":"http:\/\/demo.themegrill.com\/himalayas-pro\/?page_id=7"},"modified":"2020-04-05T09:04:21","modified_gmt":"2020-04-05T07:04:21","slug":"wein-ankauf","status":"publish","type":"page","link":"https:\/\/www.fthouse.de\/de\/wein-ankauf\/","title":{"rendered":"Wein Ankauf"},"content":{"rendered":"<p>Wein Ankauf!<\/p>\n\n\n<p><\/p>\n","protected":false},"excerpt":{"rendered":"<p><span class=\"wb-p wb-bold\">Wir suchen Ihre verborgenen Kellersch\u00e4tze<\/span> und  interessieren uns besonders  f\u00fcr hochwertige  Weinsammlungen,  komplette Weinkeller aber auch f\u00fcr einzelne Flaschen. <\/p>\n<p class=\"wb-p\">z.B.  Roman\u00e9e  Conti, Petrus, Mouton, Lafite,  Latour, Sassicaia,  etc.<\/p>\n<p class=\"wb-p wb-bold\">Wir bieten Ihnen <span class=\"wb-underline\">H\u00f6chstpreise<\/span> f\u00fcr Ihren gepflegten Weinkeller. <\/p>\n<p class=\"wb-p wb-bold\">Direktankauf oder auf  Vermittlungsbasis. <\/p>\n<p class=\"wb-p wb-bold\">Unmittelbare Abwicklung und Bezahlung: Barzahlung bei Abholung oder \u00dcberweisung ist f\u00fcr uns selbstverst\u00e4ndlich.<\/p>\n<p class=\"wb-p\">Gerne  unterbreiten wir Ihnen ein diskretes und marktgerechtes Angebot. <\/p>\n<p class=\"wb-p wb-bold\">Bei Interesse, setzen Sie sich bitte  mit uns in Verbindung und teilen uns mit, von welchen Ihrer Kostbarkeiten Sie  sich trennen m\u00f6chten.<\/p>\n","protected":false},"author":1,"featured_media":1706,"parent":0,"menu_order":0,"comment_status":"closed","ping_status":"closed","template":"","meta":{"footnotes":""},"class_list":["post-420","page","type-page","status-publish","has-post-thumbnail","hentry"],"_links":{"self":[{"href":"https:\/\/www.fthouse.de\/de\/wp-json\/wp\/v2\/pages\/420","targetHints":{"allow":["GET"]}}],"collection":[{"href":"https:\/\/www.fthouse.de\/de\/wp-json\/wp\/v2\/pages"}],"about":[{"href":"https:\/\/www.fthouse.de\/de\/wp-json\/wp\/v2\/types\/page"}],"author":[{"embeddable":true,"href":"https:\/\/www.fthouse.de\/de\/wp-json\/wp\/v2\/users\/1"}],"replies":[{"embeddable":true,"href":"https:\/\/www.fthouse.de\/de\/wp-json\/wp\/v2\/comments?post=420"}],"version-history":[{"count":42,"href":"https:\/\/www.fthouse.de\/de\/wp-json\/wp\/v2\/pages\/420\/revisions"}],"predecessor-version":[{"id":1808,"href":"https:\/\/www.fthouse.de\/de\/wp-json\/wp\/v2\/pages\/420\/revisions\/1808"}],"wp:featuredmedia":[{"embeddable":true,"href":"https:\/\/www.fthouse.de\/de\/wp-json\/wp\/v2\/media\/1706"}],"wp:attachment":[{"href":"https:\/\/www.fthouse.de\/de\/wp-json\/wp\/v2\/media?parent=420"}],"curies":[{"name":"wp","href":"https:\/\/api.w.org\/{rel}","templated":true}]}}